{"id":957,"date":"2025-12-15T01:19:17","date_gmt":"2025-12-15T01:19:17","guid":{"rendered":"https:\/\/www.sakintepe.com\/?page_id=957"},"modified":"2025-12-15T01:26:39","modified_gmt":"2025-12-15T01:26:39","slug":"surdurulebirlik","status":"publish","type":"page","link":"https:\/\/www.sakintepe.com\/index.php\/surdurulebirlik\/","title":{"rendered":"S\u00fcrd\u00fcr\u00fclebirlik"},"content":{"rendered":"<h2><strong><a href=\"https:\/\/www.sakintepe.com\/wp-content\/uploads\/2025\/12\/SURDURULEBILIRLIK-RAPORU-2024.pdf\">2024 Y\u0131l\u0131 S\u00fcrd\u00fcrebirlik Raporu<\/a><\/strong><\/h2>\n","protected":false},"excerpt":{"rendered":"<p>2024 Y\u0131l\u0131 S\u00fcrd\u00fcrebirlik Raporu<\/p>\n","protected":false},"author":1,"featured_media":0,"parent":0,"menu_order":0,"comment_status":"closed","ping_status":"closed","template":"","meta":{"footnotes":""},"class_list":["post-957","page","type-page","status-publish","hentry"],"_links":{"self":[{"href":"https:\/\/www.sakintepe.com\/index.php\/wp-json\/wp\/v2\/pages\/957","targetHints":{"allow":["GET"]}}],"collection":[{"href":"https:\/\/www.sakintepe.com\/index.php\/wp-json\/wp\/v2\/pages"}],"about":[{"href":"https:\/\/www.sakintepe.com\/index.php\/wp-json\/wp\/v2\/types\/page"}],"author":[{"embeddable":true,"href":"https:\/\/www.sakintepe.com\/index.php\/wp-json\/wp\/v2\/users\/1"}],"replies":[{"embeddable":true,"href":"https:\/\/www.sakintepe.com\/index.php\/wp-json\/wp\/v2\/comments?post=957"}],"version-history":[{"count":1,"href":"https:\/\/www.sakintepe.com\/index.php\/wp-json\/wp\/v2\/pages\/957\/revisions"}],"predecessor-version":[{"id":961,"href":"https:\/\/www.sakintepe.com\/index.php\/wp-json\/wp\/v2\/pages\/957\/revisions\/961"}],"wp:attachment":[{"href":"https:\/\/www.sakintepe.com\/index.php\/wp-json\/wp\/v2\/media?parent=957"}],"curies":[{"name":"wp","href":"https:\/\/api.w.org\/{rel}","templated":true}]}}