{"id":441,"date":"2020-11-09T17:39:34","date_gmt":"2020-11-09T17:39:34","guid":{"rendered":"http:\/\/www.sakintepe.com\/?page_id=441"},"modified":"2021-01-29T20:46:39","modified_gmt":"2021-01-29T20:46:39","slug":"hakkimizda","status":"publish","type":"page","link":"https:\/\/www.sakintepe.com\/index.php\/tr\/hakkimizda\/","title":{"rendered":"Anasayfa"},"content":{"rendered":"<p><div class=\"fusion-fullwidth fullwidth-box fusion-builder-row-1 fusion-flex-container nonhundred-percent-fullwidth non-hundred-percent-height-scrolling\" style=\"background-color: rgba(255,255,255,0);background-position: center center;background-repeat: no-repeat;border-width: 0px 0px 0px 0px;border-color:#e2e2e2;border-style:solid;\" ><div class=\"fusion-builder-row fusion-row fusion-flex-align-items-flex-start\" style=\"max-width:1248px;margin-left: calc(-4% \/ 2 );margin-right: calc(-4% \/ 2 );\"><div class=\"fusion-layout-column fusion_builder_column fusion-builder-column-0 fusion_builder_column_1_1 1_1 fusion-flex-column\"><div class=\"fusion-column-wrapper fusion-flex-justify-content-flex-start fusion-content-layout-column\" style=\"background-position:left top;background-repeat:no-repeat;-webkit-background-size:cover;-moz-background-size:cover;-o-background-size:cover;background-size:cover;padding: 0px 0px 0px 0px;\">\t\t\t\t\t<div class=\"fusion-slider-container fusion-slider-sc-home-page-winter fusion-slider-38 full-width-slider\" data-id=\"38\" data-full_height=\"\" style=\"height:400px; max-width:100%;\">\n\t\t\t\t\t\t<style type=\"text\/css\">.fusion-slider-38 .flex-direction-nav a {width:63px;height:63px;line-height:63px;font-size:25px;}<\/style>\t\t\t\t\t\t<div class=\"fusion-slider-loading\">Loading...<\/div>\n\t\t\t\t\t\t<div class=\"tfs-slider flexslider main-flex full-width-slider\" data-slider_width=\"100%\" data-slider_height=\"400px\" data-full_screen=\"0\" data-parallax=\"0\" data-nav_arrows=\"1\" data-nav_arrow_size=\"25px\" data-nav_box_width=\"63px\" data-nav_box_height=\"63px\" data-slideshow_speed=\"7000\" data-loop=\"0\" data-autoplay=\"1\" data-orderby=\"date\" data-order=\"DESC\" data-animation=\"fade\" data-animation_speed=\"600\" data-typo_sensitivity=\"1\" data-typo_factor=\"1.5\" style=\"max-width:100%;\">\n\t\t\t\t\t\t\t<ul class=\"slides\">\n\t\t\t\t\t\t\t\t\t\t\t\t\t\t\t\t\t<li data-mute=\"yes\" data-loop=\"yes\" data-autoplay=\"yes\">\n\t\t\t\t\t\t\t\t\t\t<div class=\"slide-content-container slide-content-center\" style=\"display: none;\">\n\t\t\t\t\t\t\t\t\t\t\t<div class=\"slide-content\" style=\"\">\n\t\t\t\t\t\t\t\t\t\t\t\t\t\t\t\t\t\t\t\t\t\t\t\t\t\t\t\t\t\t\t\t\t\t\t\t\t\t\t\t\t\t\t\t\t\t\t<\/div>\n\t\t\t\t\t\t\t\t\t\t<\/div>\n\t\t\t\t\t\t\t\t\t\t\t\t\t\t\t\t\t\t\t\t\t\t\t\t\t\t\t\t\t\t\t\t\t\t\t\t\t\t\t\t<div class=\"background background-image\" style=\"background-image: url(https:\/\/www.sakintepe.com\/wp-content\/uploads\/2021\/01\/PHOTO-2020-12-29-12-50-05-1.jpg);max-width:100%;height:400px;filter: progid:DXImageTransform.Microsoft.AlphaImageLoader(src='https:\/\/www.sakintepe.com\/wp-content\/uploads\/2021\/01\/PHOTO-2020-12-29-12-50-05-1.jpg', sizingMethod='scale');\" data-imgwidth=\"900\">\n\t\t\t\t\t\t\t\t\t\t\t\t\t\t\t\t\t\t\t\t\t\t\t\t\t\t\t\t\t\t\t\t\t\t\t\t\t\t\t\t\t\t\t\t\t\t\t\t\t\t\t\t\t\t\t\t\t\t\t\t\t\t\t\t\t\t<\/div>\n\t\t\t\t\t\t\t\t\t<\/li>\n\t\t\t\t\t\t\t\t\t\t\t\t\t\t\t\t\t<li data-mute=\"yes\" data-loop=\"yes\" data-autoplay=\"yes\">\n\t\t\t\t\t\t\t\t\t\t<div class=\"slide-content-container slide-content-center\" style=\"display: none;\">\n\t\t\t\t\t\t\t\t\t\t\t<div class=\"slide-content\" style=\"\">\n\t\t\t\t\t\t\t\t\t\t\t\t\t\t\t\t\t\t\t\t\t\t\t\t\t\t\t\t\t\t\t\t\t\t\t\t\t\t\t\t\t\t\t\t\t\t\t<\/div>\n\t\t\t\t\t\t\t\t\t\t<\/div>\n\t\t\t\t\t\t\t\t\t\t\t\t\t\t\t\t\t\t\t\t\t\t\t\t\t\t\t\t\t\t\t\t\t\t\t\t\t\t\t\t<div class=\"background background-image\" style=\"background-image: url(https:\/\/www.sakintepe.com\/wp-content\/uploads\/2021\/01\/PHOTO-2020-12-29-12-51-44-5.jpg);max-width:100%;height:400px;filter: progid:DXImageTransform.Microsoft.AlphaImageLoader(src='https:\/\/www.sakintepe.com\/wp-content\/uploads\/2021\/01\/PHOTO-2020-12-29-12-51-44-5.jpg', sizingMethod='scale');\" data-imgwidth=\"1000\">\n\t\t\t\t\t\t\t\t\t\t\t\t\t\t\t\t\t\t\t\t\t\t\t\t\t\t\t\t\t\t\t\t\t\t\t\t\t\t\t\t\t\t\t\t\t\t\t\t\t\t\t\t\t\t\t\t\t\t\t\t\t\t\t\t\t\t<\/div>\n\t\t\t\t\t\t\t\t\t<\/li>\n\t\t\t\t\t\t\t\t\t\t\t\t\t\t\t\t\t\t\t\t\t\t\t<\/ul>\n\t\t\t\t\t\t<\/div>\n\t\t\t\t\t<\/div>\n\t\t\t\t\t\t\t\t<\/div><\/div><style type=\"text\/css\">.fusion-body .fusion-builder-column-0{width:100% !important;margin-top : 0px;margin-bottom : 20px;}.fusion-builder-column-0 > .fusion-column-wrapper {padding-top : 0px !important;padding-right : 0px !important;margin-right : 1.92%;padding-bottom : 0px !important;padding-left : 0px !important;margin-left : 1.92%;}@media only screen and (max-width:1024px) {.fusion-body .fusion-builder-column-0{width:100% !important;order : 0;}.fusion-builder-column-0 > .fusion-column-wrapper {margin-right : 1.92%;margin-left : 1.92%;}}@media only screen and (max-width:640px) {.fusion-body .fusion-builder-column-0{width:100% !important;order : 0;}.fusion-builder-column-0 > .fusion-column-wrapper {margin-right : 1.92%;margin-left : 1.92%;}}<\/style><\/div><style type=\"text\/css\">.fusion-body .fusion-flex-container.fusion-builder-row-1{ padding-top : 0px;margin-top : 0px;padding-right : 0px;padding-bottom : 0px;margin-bottom : 0px;padding-left : 0px;}<\/style><\/div><div class=\"fusion-fullwidth fullwidth-box fusion-builder-row-2 fusion-flex-container nonhundred-percent-fullwidth non-hundred-percent-height-scrolling\" style=\"background-color: rgba(255,255,255,0);background-position: center center;background-repeat: no-repeat;border-width: 0px 0px 0px 0px;border-color:#e2e2e2;border-style:solid;\" ><div class=\"fusion-builder-row fusion-row fusion-flex-align-items-flex-start\" style=\"max-width:1248px;margin-left: calc(-4% \/ 2 );margin-right: calc(-4% \/ 2 );\"><div class=\"fusion-layout-column fusion_builder_column fusion-builder-column-1 fusion_builder_column_1_1 1_1 fusion-flex-column\"><div class=\"fusion-column-wrapper fusion-flex-justify-content-flex-start fusion-content-layout-column\" style=\"background-position:left top;background-repeat:no-repeat;-webkit-background-size:cover;-moz-background-size:cover;-o-background-size:cover;background-size:cover;padding: 0px 0px 0px 0px;\"><style type=\"text\/css\">@media only screen and (max-width:1024px) {.fusion-title.fusion-title-1{margin-top:10px!important;margin-bottom:15px!important;}}@media only screen and (max-width:640px) {.fusion-title.fusion-title-1{margin-top:10px!important;margin-bottom:10px!important;}}<\/style><div class=\"fusion-title title fusion-title-1 fusion-title-center fusion-title-text fusion-title-size-one\" style=\"text-shadow:0px ;;margin-top:10px;margin-bottom:15px;\"><div class=\"title-sep-container title-sep-container-left\"><div class=\"title-sep sep-double sep-solid\" style=\"border-color:#e2e2e2;\"><\/div><\/div><h1 class=\"title-heading-center\" style=\"margin:0;color:rgba(87,120,16,0.3);\"><p style=\"text-align: center;\">\u00d6ZLENEN SAK\u0130NL\u0130K<\/p><\/h1><div class=\"title-sep-container title-sep-container-right\"><div class=\"title-sep sep-double sep-solid\" style=\"border-color:#e2e2e2;\"><\/div><\/div><\/div><\/div><\/div><style type=\"text\/css\">.fusion-body .fusion-builder-column-1{width:100% !important;margin-top : 0px;margin-bottom : 20px;}.fusion-builder-column-1 > .fusion-column-wrapper {padding-top : 0px !important;padding-right : 0px !important;margin-right : 1.92%;padding-bottom : 0px !important;padding-left : 0px !important;margin-left : 1.92%;}@media only screen and (max-width:1024px) {.fusion-body .fusion-builder-column-1{width:100% !important;order : 0;}.fusion-builder-column-1 > .fusion-column-wrapper {margin-right : 1.92%;margin-left : 1.92%;}}@media only screen and (max-width:640px) {.fusion-body .fusion-builder-column-1{width:100% !important;order : 0;}.fusion-builder-column-1 > .fusion-column-wrapper {margin-right : 1.92%;margin-left : 1.92%;}}<\/style><\/div><style type=\"text\/css\">.fusion-body .fusion-flex-container.fusion-builder-row-2{ padding-top : 0px;margin-top : 0px;padding-right : 0px;padding-bottom : 0px;margin-bottom : 0px;padding-left : 0px;}<\/style><\/div><div class=\"fusion-fullwidth fullwidth-box fusion-builder-row-3 fusion-flex-container nonhundred-percent-fullwidth non-hundred-percent-height-scrolling\" style=\"background-color: rgba(255,255,255,0);background-position: center center;background-repeat: no-repeat;border-width: 0px 0px 0px 0px;border-color:#e2e2e2;border-style:solid;\" ><div class=\"fusion-builder-row fusion-row fusion-flex-align-items-center\" style=\"max-width:1248px;margin-left: calc(-4% \/ 2 );margin-right: calc(-4% \/ 2 );\"><div class=\"fusion-layout-column fusion_builder_column fusion-builder-column-2 fusion_builder_column_1_2 1_2 fusion-flex-column\"><div class=\"fusion-column-wrapper fusion-flex-justify-content-flex-start fusion-content-layout-column\" style=\"background-position:left top;background-repeat:no-repeat;-webkit-background-size:cover;-moz-background-size:cover;-o-background-size:cover;background-size:cover;padding: 0px 0px 0px 0px;\"><div class=\"fusion-image-carousel fusion-image-carousel-auto\"><div class=\"fusion-carousel\" data-autoplay=\"yes\" data-columns=\"1\" data-itemmargin=\"13\" data-itemwidth=\"180\" data-touchscroll=\"no\" data-imagesize=\"auto\"><div class=\"fusion-carousel-positioner\"><ul class=\"fusion-carousel-holder\"><li class=\"fusion-carousel-item\"><div class=\"fusion-carousel-item-wrapper\"><div class=\"fusion-image-wrapper hover-type-none\"><img decoding=\"async\" width=\"1600\" height=\"1200\" src=\"https:\/\/www.sakintepe.com\/wp-content\/uploads\/2020\/10\/IMG-20200529-WA0030.jpg\" class=\"attachment-full size-full\" alt=\"\" srcset=\"https:\/\/www.sakintepe.com\/wp-content\/uploads\/2020\/10\/IMG-20200529-WA0030-200x150.jpg 200w, https:\/\/www.sakintepe.com\/wp-content\/uploads\/2020\/10\/IMG-20200529-WA0030-300x225.jpg 300w, https:\/\/www.sakintepe.com\/wp-content\/uploads\/2020\/10\/IMG-20200529-WA0030-400x300.jpg 400w, https:\/\/www.sakintepe.com\/wp-content\/uploads\/2020\/10\/IMG-20200529-WA0030-600x450.jpg 600w, https:\/\/www.sakintepe.com\/wp-content\/uploads\/2020\/10\/IMG-20200529-WA0030-768x576.jpg 768w, https:\/\/www.sakintepe.com\/wp-content\/uploads\/2020\/10\/IMG-20200529-WA0030-800x600.jpg 800w, https:\/\/www.sakintepe.com\/wp-content\/uploads\/2020\/10\/IMG-20200529-WA0030-1024x768.jpg 1024w, https:\/\/www.sakintepe.com\/wp-content\/uploads\/2020\/10\/IMG-20200529-WA0030-1200x900.jpg 1200w, https:\/\/www.sakintepe.com\/wp-content\/uploads\/2020\/10\/IMG-20200529-WA0030-1536x1152.jpg 1536w, https:\/\/www.sakintepe.com\/wp-content\/uploads\/2020\/10\/IMG-20200529-WA0030.jpg 1600w\" sizes=\"(max-width: 1600px) 100vw, 1600px\" \/><\/div><\/div><\/li><li class=\"fusion-carousel-item\"><div class=\"fusion-carousel-item-wrapper\"><div class=\"fusion-image-wrapper hover-type-none\"><img decoding=\"async\" width=\"1600\" height=\"1066\" src=\"https:\/\/www.sakintepe.com\/wp-content\/uploads\/2020\/10\/treehouse1-1.jpg\" class=\"attachment-full size-full\" alt=\"\" srcset=\"https:\/\/www.sakintepe.com\/wp-content\/uploads\/2020\/10\/treehouse1-1-200x133.jpg 200w, https:\/\/www.sakintepe.com\/wp-content\/uploads\/2020\/10\/treehouse1-1-300x200.jpg 300w, https:\/\/www.sakintepe.com\/wp-content\/uploads\/2020\/10\/treehouse1-1-400x267.jpg 400w, https:\/\/www.sakintepe.com\/wp-content\/uploads\/2020\/10\/treehouse1-1-600x400.jpg 600w, https:\/\/www.sakintepe.com\/wp-content\/uploads\/2020\/10\/treehouse1-1-768x512.jpg 768w, https:\/\/www.sakintepe.com\/wp-content\/uploads\/2020\/10\/treehouse1-1-800x533.jpg 800w, https:\/\/www.sakintepe.com\/wp-content\/uploads\/2020\/10\/treehouse1-1-1024x682.jpg 1024w, https:\/\/www.sakintepe.com\/wp-content\/uploads\/2020\/10\/treehouse1-1-1200x800.jpg 1200w, https:\/\/www.sakintepe.com\/wp-content\/uploads\/2020\/10\/treehouse1-1-1536x1023.jpg 1536w, https:\/\/www.sakintepe.com\/wp-content\/uploads\/2020\/10\/treehouse1-1.jpg 1600w\" sizes=\"(max-width: 1600px) 100vw, 1600px\" \/><\/div><\/div><\/li><li class=\"fusion-carousel-item\"><div class=\"fusion-carousel-item-wrapper\"><div class=\"fusion-image-wrapper hover-type-none\"><img decoding=\"async\" width=\"828\" height=\"558\" src=\"https:\/\/www.sakintepe.com\/wp-content\/uploads\/2020\/11\/IMG_4557.jpg\" class=\"attachment-full size-full\" alt=\"\" srcset=\"https:\/\/www.sakintepe.com\/wp-content\/uploads\/2020\/11\/IMG_4557-200x135.jpg 200w, https:\/\/www.sakintepe.com\/wp-content\/uploads\/2020\/11\/IMG_4557-300x202.jpg 300w, https:\/\/www.sakintepe.com\/wp-content\/uploads\/2020\/11\/IMG_4557-400x270.jpg 400w, https:\/\/www.sakintepe.com\/wp-content\/uploads\/2020\/11\/IMG_4557-600x404.jpg 600w, https:\/\/www.sakintepe.com\/wp-content\/uploads\/2020\/11\/IMG_4557-768x518.jpg 768w, https:\/\/www.sakintepe.com\/wp-content\/uploads\/2020\/11\/IMG_4557-800x539.jpg 800w, https:\/\/www.sakintepe.com\/wp-content\/uploads\/2020\/11\/IMG_4557.jpg 828w\" sizes=\"(max-width: 828px) 100vw, 828px\" \/><\/div><\/div><\/li><li class=\"fusion-carousel-item\"><div class=\"fusion-carousel-item-wrapper\"><div class=\"fusion-image-wrapper hover-type-none\"><img decoding=\"async\" width=\"800\" height=\"533\" src=\"https:\/\/www.sakintepe.com\/wp-content\/uploads\/2020\/11\/IMG_4585_4_6-blend.jpg\" class=\"attachment-full size-full\" alt=\"\" srcset=\"https:\/\/www.sakintepe.com\/wp-content\/uploads\/2020\/11\/IMG_4585_4_6-blend-200x133.jpg 200w, https:\/\/www.sakintepe.com\/wp-content\/uploads\/2020\/11\/IMG_4585_4_6-blend-300x200.jpg 300w, https:\/\/www.sakintepe.com\/wp-content\/uploads\/2020\/11\/IMG_4585_4_6-blend-400x267.jpg 400w, https:\/\/www.sakintepe.com\/wp-content\/uploads\/2020\/11\/IMG_4585_4_6-blend-600x400.jpg 600w, https:\/\/www.sakintepe.com\/wp-content\/uploads\/2020\/11\/IMG_4585_4_6-blend-768x512.jpg 768w, https:\/\/www.sakintepe.com\/wp-content\/uploads\/2020\/11\/IMG_4585_4_6-blend.jpg 800w\" sizes=\"(max-width: 800px) 100vw, 800px\" \/><\/div><\/div><\/li><li class=\"fusion-carousel-item\"><div class=\"fusion-carousel-item-wrapper\"><div class=\"fusion-image-wrapper hover-type-none\"><img decoding=\"async\" width=\"800\" height=\"533\" src=\"https:\/\/www.sakintepe.com\/wp-content\/uploads\/2020\/10\/VF3A6702-2.jpg\" class=\"attachment-full size-full\" alt=\"\" srcset=\"https:\/\/www.sakintepe.com\/wp-content\/uploads\/2020\/10\/VF3A6702-2-200x133.jpg 200w, https:\/\/www.sakintepe.com\/wp-content\/uploads\/2020\/10\/VF3A6702-2-300x200.jpg 300w, https:\/\/www.sakintepe.com\/wp-content\/uploads\/2020\/10\/VF3A6702-2-400x267.jpg 400w, https:\/\/www.sakintepe.com\/wp-content\/uploads\/2020\/10\/VF3A6702-2-600x400.jpg 600w, https:\/\/www.sakintepe.com\/wp-content\/uploads\/2020\/10\/VF3A6702-2-768x512.jpg 768w, https:\/\/www.sakintepe.com\/wp-content\/uploads\/2020\/10\/VF3A6702-2.jpg 800w\" sizes=\"(max-width: 800px) 100vw, 800px\" \/><\/div><\/div><\/li><\/ul><div class=\"fusion-carousel-nav\"><span class=\"fusion-nav-prev\"><\/span><span class=\"fusion-nav-next\"><\/span><\/div><\/div><\/div><\/div><\/div><\/div><style type=\"text\/css\">.fusion-body .fusion-builder-column-2{width:50% !important;margin-top : 0px;margin-bottom : 20px;}.fusion-builder-column-2 > .fusion-column-wrapper {padding-top : 0px !important;padding-right : 0px !important;margin-right : 3.84%;padding-bottom : 0px !important;padding-left : 0px !important;margin-left : 3.84%;}@media only screen and (max-width:1024px) {.fusion-body .fusion-builder-column-2{width:50% !important;order : 0;}.fusion-builder-column-2 > .fusion-column-wrapper {margin-right : 3.84%;margin-left : 3.84%;}}@media only screen and (max-width:640px) {.fusion-body .fusion-builder-column-2{width:100% !important;order : 3;}.fusion-builder-column-2 > .fusion-column-wrapper {margin-right : 1.92%;margin-left : 1.92%;}}<\/style><div class=\"fusion-layout-column fusion_builder_column fusion-builder-column-3 fusion_builder_column_1_2 1_2 fusion-flex-column\"><div class=\"fusion-column-wrapper fusion-flex-justify-content-flex-start fusion-content-layout-column\" style=\"background-position:left top;background-repeat:no-repeat;-webkit-background-size:cover;-moz-background-size:cover;-o-background-size:cover;background-size:cover;padding: 0px 0px 0px 0px;\"><div class=\"fusion-text fusion-text-1\" style=\"font-size:13px;\"><p class=\"fusion-responsive-typography-calculated\" style=\"--fontsize: 40; line-height: 1.2;\" data-fontsize=\"40\" data-lineheight=\"48px\"><b style=\"font-size: 29px;\" data-fusion-font=\"true\">G\u00fczel An\u0131lar Biriktirin!<br \/>\n<\/b><\/p>\n<p><b>Sakintepe, sizlere da\u011flar\u0131n \u00f6tesine nefes al\u0131nabilir bir pencere sunuyor. \u00d6yle ki, aile ve arkada\u015flar\u0131n\u0131zla birlikte g\u00fczel an\u0131lar biriktirebileci\u011finiz bir yer Sakintepe. B\u00f6yle bir yerde, Bolu da\u011flar\u0131nda ata binmek, mangal keyfi yapmak, y\u00fcr\u00fcy\u00fc\u015f yapmak, y\u0131ld\u0131zlar\u0131 seyretmek veya huzur dolu ortamda hamakta dinlenmek gibi etkinliklerle hayat\u0131n\u0131z\u0131 renklendirebilirsiniz. Hangisini yapmak isterseniz isteyin, ola\u011fan\u00fcst\u00fc hizmet anlay\u0131\u015f\u0131m\u0131zla, Sakintepe&#8217;de ge\u00e7irece\u011finiz g\u00fczel an\u0131lar\u0131n\u0131z\u0131 heyecan verici ve unutulmaz k\u0131lmak istiyoruz. <\/b><\/p>\n<\/div><ul class=\"fusion-checklist fusion-checklist-1\" style=\"font-size:16px;line-height:27.2px;\"><li class=\"fusion-li-item\"><span style=\"height:27.2px;width:27.2px;margin-right:11.2px;\" class=\"icon-wrapper circle-no\"><i class=\"fusion-li-icon fa-check-square fas\" style=\"color:rgba(87,120,16,0.3) ;\" aria-hidden=\"true\"><\/i><\/span><div class=\"fusion-li-item-content\" style=\"margin-left:38.4px;\">\n<p style=\"font-size: 13px;\" data-fusion-font=\"true\">M\u00fckemmel Manzaralar<\/p>\n<\/div><\/li><li class=\"fusion-li-item\"><span style=\"height:27.2px;width:27.2px;margin-right:11.2px;\" class=\"icon-wrapper circle-no\"><i class=\"fusion-li-icon fa-check-square fas\" style=\"color:rgba(87,120,16,0.3) ;\" aria-hidden=\"true\"><\/i><\/span><div class=\"fusion-li-item-content\" style=\"margin-left:38.4px;\">\n<p style=\"font-size: 13px;\" data-fusion-font=\"true\">\u015e\u00f6mineli Evler<\/p>\n<\/div><\/li><li class=\"fusion-li-item\"><span style=\"height:27.2px;width:27.2px;margin-right:11.2px;\" class=\"icon-wrapper circle-no\"><i class=\"fusion-li-icon fa-check-square fas\" style=\"color:rgba(87,120,16,0.3) ;\" aria-hidden=\"true\"><\/i><\/span><div class=\"fusion-li-item-content\" style=\"margin-left:38.4px;\">\n<p style=\"font-size: 13px;\" data-fusion-font=\"true\">D\u00f6\u015fenmi\u015f Da\u011f Evleri<\/p>\n<\/div><\/li><li class=\"fusion-li-item\"><span style=\"height:27.2px;width:27.2px;margin-right:11.2px;\" class=\"icon-wrapper circle-no\"><i class=\"fusion-li-icon fa-check-square fas\" style=\"color:rgba(87,120,16,0.3) ;\" aria-hidden=\"true\"><\/i><\/span><div class=\"fusion-li-item-content\" style=\"margin-left:38.4px;\">\n<p style=\"font-size: 13px;\" data-fusion-font=\"true\">Macera veya dinlenmek i\u00e7in etkinlikler<\/p>\n<\/div><\/li><\/ul><\/div><\/div><style type=\"text\/css\">.fusion-body .fusion-builder-column-3{width:50% !important;margin-top : 0px;margin-bottom : 20px;}.fusion-builder-column-3 > .fusion-column-wrapper {padding-top : 0px !important;padding-right : 0px !important;margin-right : 3.84%;padding-bottom : 0px !important;padding-left : 0px !important;margin-left : 3.84%;}@media only screen and (max-width:1024px) {.fusion-body .fusion-builder-column-3{width:50% !important;order : 0;}.fusion-builder-column-3 > .fusion-column-wrapper {margin-right : 3.84%;margin-left : 3.84%;}}@media only screen and (max-width:640px) {.fusion-body .fusion-builder-column-3{width:100% !important;order : 1;}.fusion-builder-column-3 > .fusion-column-wrapper {margin-right : 1.92%;margin-left : 1.92%;}}<\/style><\/div><style type=\"text\/css\">.fusion-body .fusion-flex-container.fusion-builder-row-3{ padding-top : 0px;margin-top : 0px;padding-right : 0px;padding-bottom : 0px;margin-bottom : 0px;padding-left : 0px;}<\/style><\/div><div class=\"fusion-fullwidth fullwidth-box fusion-builder-row-4 fusion-flex-container nonhundred-percent-fullwidth non-hundred-percent-height-scrolling\" style=\"background-color: rgba(255,255,255,0);background-position: center center;background-repeat: no-repeat;border-width: 0px 0px 0px 0px;border-color:#e2e2e2;border-style:solid;\" ><div class=\"fusion-builder-row fusion-row fusion-flex-align-items-flex-start\" style=\"max-width:1248px;margin-left: calc(-4% \/ 2 );margin-right: calc(-4% \/ 2 );\"><div class=\"fusion-layout-column fusion_builder_column fusion-builder-column-4 fusion_builder_column_1_1 1_1 fusion-flex-column\"><div class=\"fusion-column-wrapper fusion-flex-justify-content-flex-start fusion-content-layout-column\" style=\"background-position:left top;background-repeat:no-repeat;-webkit-background-size:cover;-moz-background-size:cover;-o-background-size:cover;background-size:cover;padding: 0px 0px 0px 0px;\"><style type=\"text\/css\">@media only screen and (max-width:1024px) {.fusion-title.fusion-title-2{margin-top:10px!important;margin-bottom:4opx!important;}}@media only screen and (max-width:640px) {.fusion-title.fusion-title-2{margin-top:10px!important;margin-bottom:40px!important;}}<\/style><div class=\"fusion-title title fusion-title-2 fusion-title-center fusion-title-text fusion-title-size-two\" style=\"margin-top:10px;margin-bottom:4opx;\"><div class=\"title-sep-container title-sep-container-left\"><div class=\"title-sep sep-double sep-solid\" style=\"border-color:#e2e2e2;\"><\/div><\/div><h2 class=\"title-heading-center\" style=\"margin:0;color:rgba(87,120,16,0.3);\"><p style=\"text-align: center;\">Rezervasyon i\u00e7in<\/p>\n<p style=\"text-align: center;\">0530 640 3271<\/p><\/h2><div class=\"title-sep-container title-sep-container-right\"><div class=\"title-sep sep-double sep-solid\" style=\"border-color:#e2e2e2;\"><\/div><\/div><\/div><div class=\"fusion-testimonials classic fusion-testimonials-1\" data-random=\"0\" data-speed=\"4000\"><style type=\"text\/css\">#fusion-testimonials-1 a{border-color:#4a4e57;}#fusion-testimonials-1 a:hover, #fusion-testimonials-1 .activeSlide{background-color: #4a4e57;}.fusion-testimonials.classic.fusion-testimonials-1 .author:after{border-top-color:rgba(87,120,16,0.3) !important;}<\/style><div class=\"reviews\"><div class=\"review no-avatar\"><blockquote><q style=\"background-color:rgba(87,120,16,0.3);color:#4a4e57;\" class=\"fusion-clearfix\">\n<p><span id=\"reviews\" class=\"HALYaf fwfrGd Q2hpjf KKjvXb\" role=\"tabpanel\" data-ved=\"2ahUKEwi81te0jfbsAhUAjMUCHUiECXoQjc8CegQIARBz\" data-hveid=\"CAEQcw\">&#8220;Yery\u00fcz\u00fcnde bir cennet. Kaliteli evler, yemye\u015fil bir do\u011fa, g\u00fclery\u00fczl\u00fc bir ekip.&#8221;<\/span><\/p>\n<\/q><\/blockquote><div class=\"author\" style=\"color:#4a4e57;\"><span class=\"company-name\"><strong>Meltem Sezer<\/strong><\/span><\/div><\/div><\/div><\/div><\/div><\/div><style type=\"text\/css\">.fusion-body .fusion-builder-column-4{width:100% !important;margin-top : 0px;margin-bottom : 20px;}.fusion-builder-column-4 > .fusion-column-wrapper {padding-top : 0px !important;padding-right : 0px !important;margin-right : 1.92%;padding-bottom : 0px !important;padding-left : 0px !important;margin-left : 1.92%;}@media only screen and (max-width:1024px) {.fusion-body .fusion-builder-column-4{width:100% !important;order : 0;}.fusion-builder-column-4 > .fusion-column-wrapper {margin-right : 1.92%;margin-left : 1.92%;}}@media only screen and (max-width:640px) {.fusion-body .fusion-builder-column-4{width:100% !important;order : 0;}.fusion-builder-column-4 > .fusion-column-wrapper {margin-right : 1.92%;margin-left : 1.92%;}}<\/style><\/div><style type=\"text\/css\">.fusion-body .fusion-flex-container.fusion-builder-row-4{ padding-top : 0px;margin-top : 0px;padding-right : 0px;padding-bottom : 0px;margin-bottom : 0px;padding-left : 0px;}<\/style><\/div><\/p>\n","protected":false},"excerpt":{"rendered":"","protected":false},"author":1,"featured_media":0,"parent":0,"menu_order":0,"comment_status":"closed","ping_status":"closed","template":"","meta":{"footnotes":""},"class_list":["post-441","page","type-page","status-publish","hentry"],"_links":{"self":[{"href":"https:\/\/www.sakintepe.com\/index.php\/wp-json\/wp\/v2\/pages\/441","targetHints":{"allow":["GET"]}}],"collection":[{"href":"https:\/\/www.sakintepe.com\/index.php\/wp-json\/wp\/v2\/pages"}],"about":[{"href":"https:\/\/www.sakintepe.com\/index.php\/wp-json\/wp\/v2\/types\/page"}],"author":[{"embeddable":true,"href":"https:\/\/www.sakintepe.com\/index.php\/wp-json\/wp\/v2\/users\/1"}],"replies":[{"embeddable":true,"href":"https:\/\/www.sakintepe.com\/index.php\/wp-json\/wp\/v2\/comments?post=441"}],"version-history":[{"count":2,"href":"https:\/\/www.sakintepe.com\/index.php\/wp-json\/wp\/v2\/pages\/441\/revisions"}],"predecessor-version":[{"id":646,"href":"https:\/\/www.sakintepe.com\/index.php\/wp-json\/wp\/v2\/pages\/441\/revisions\/646"}],"wp:attachment":[{"href":"https:\/\/www.sakintepe.com\/index.php\/wp-json\/wp\/v2\/media?parent=441"}],"curies":[{"name":"wp","href":"https:\/\/api.w.org\/{rel}","templated":true}]}}