{"id":111,"date":"2020-10-22T02:59:43","date_gmt":"2020-10-22T02:59:43","guid":{"rendered":"http:\/\/www.sakintepe.com\/?page_id=111"},"modified":"2025-12-12T21:20:40","modified_gmt":"2025-12-12T21:20:40","slug":"contact-us","status":"publish","type":"page","link":"https:\/\/www.sakintepe.com\/index.php\/contact-us\/","title":{"rendered":"Contact Us"},"content":{"rendered":"<div class=\"fusion-fullwidth fullwidth-box fusion-builder-row-1 fusion-flex-container nonhundred-percent-fullwidth non-hundred-percent-height-scrolling\" style=\"background-color: rgba(255,255,255,0);background-position: center center;background-repeat: no-repeat;border-width: 0px 0px 0px 0px;border-color:#e2e2e2;border-style:solid;\" ><div class=\"fusion-builder-row fusion-row fusion-flex-align-items-center\" style=\"max-width:1248px;margin-left: calc(-4% \/ 2 );margin-right: calc(-4% \/ 2 );\"><div class=\"fusion-layout-column fusion_builder_column fusion-builder-column-0 fusion_builder_column_1_1 1_1 fusion-flex-column\"><div class=\"fusion-column-wrapper fusion-flex-justify-content-flex-start fusion-content-layout-column\" style=\"background-position:left top;background-repeat:no-repeat;-webkit-background-size:cover;-moz-background-size:cover;-o-background-size:cover;background-size:cover;padding: 0px 0px 0px 0px;\"><style type=\"text\/css\">@media only screen and (max-width:1024px) {.fusion-title.fusion-title-1{margin-top:10px!important;margin-bottom:15px!important;}}@media only screen and (max-width:640px) {.fusion-title.fusion-title-1{margin-top:10px!important;margin-bottom:10px!important;}}<\/style><div class=\"fusion-title title fusion-title-1 fusion-sep-none fusion-title-center fusion-title-text fusion-title-size-three\" style=\"margin-top:10px;margin-bottom:15px;\"><h3 class=\"title-heading-center\" style=\"margin:0;\">Contact Us<\/h3><\/div><div class=\"fusion-text fusion-text-1\"><p style=\"text-align: center;\">Address: Musluklar K\u00f6y\u00fc, F\u0131nd\u0131cak Mevkii NO: 23, Bolu Turkey<\/p>\n<p style=\"text-align: center;\">Mobile: +90 530 640 3271<\/p>\n<p style=\"text-align: center;\">Email: info@sakintepe.com<\/p>\n<\/div><div class=\"fusion-social-links\" style=\"text-align:center\"><div class=\"fusion-social-networks\"><div class=\"fusion-social-networks-wrapper\"><a class=\"fusion-social-network-icon fusion-tooltip fusion-facebook fusion-icon-facebook\" style=\"color:#9ea0a4;font-size:18px;\" data-placement=\"top\" data-title=\"Facebook\" data-toggle=\"tooltip\" title=\"Facebook\" aria-label=\"facebook\" target=\"_blank\" rel=\"noopener noreferrer\" href=\"https:\/\/www.facebook.com\/Sakintepe-176385147283\"><\/a><a class=\"fusion-social-network-icon fusion-tooltip fusion-instagram fusion-icon-instagram\" style=\"color:#9ea0a4;font-size:18px;\" data-placement=\"top\" data-title=\"Instagram\" data-toggle=\"tooltip\" title=\"Instagram\" aria-label=\"instagram\" target=\"_blank\" rel=\"noopener noreferrer\" href=\"https:\/\/www.instagram.com\/sakintepe\/\"><\/a><a class=\"fusion-social-network-icon fusion-tooltip fusion-pinterest fusion-icon-pinterest\" style=\"color:#9ea0a4;font-size:18px;\" data-placement=\"top\" data-title=\"Pinterest\" data-toggle=\"tooltip\" title=\"Pinterest\" aria-label=\"pinterest\" target=\"_blank\" rel=\"noopener noreferrer\" href=\"https:\/\/www.pinterest.com\/sakintepe\/\"><\/a><a class=\"fusion-social-network-icon fusion-tooltip fusion-mail fusion-icon-mail\" style=\"color:#9ea0a4;font-size:18px;\" data-placement=\"top\" data-title=\"Email\" data-toggle=\"tooltip\" title=\"Email\" aria-label=\"mail\" target=\"_self\" rel=\"noopener noreferrer\" href=\"mailto:&#105;n&#102;&#111;&#064;&#115;a&#107;int&#101;&#112;e&#046;co&#109;\"><\/a><a class=\"fusion-social-network-icon fusion-tooltip fusion-phone fusion-icon-phone\" style=\"color:#9ea0a4;font-size:18px;\" data-placement=\"top\" data-title=\"Phone\" data-toggle=\"tooltip\" title=\"Phone\" aria-label=\"phone\" target=\"_self\" rel=\"noopener noreferrer\" href=\"tel:+90 530 640 3271\"><\/a><\/div><\/div><\/div><div class=\"fusion-separator fusion-full-width-sep\" style=\"align-self: center;margin-left: auto;margin-right: auto;margin-top:20px;width:100%;\"><div class=\"fusion-separator-border sep-single sep-solid\" style=\"border-color:#e2e2e2;border-top-width:1px;\"><\/div><\/div><div class=\"fusion-separator fusion-full-width-sep\" style=\"align-self: center;margin-left: auto;margin-right: auto;margin-top:20px;width:100%;\"><div class=\"fusion-separator-border sep-single sep-solid\" style=\"border-color:#e2e2e2;border-top-width:1px;\"><\/div><\/div><style type=\"text\/css\">@media only screen and (max-width:1024px) {.fusion-title.fusion-title-2{margin-top:10px!important;margin-bottom:15px!important;}}@media only screen and (max-width:640px) {.fusion-title.fusion-title-2{margin-top:10px!important;margin-bottom:10px!important;}}<\/style><div class=\"fusion-title title fusion-title-2 fusion-sep-none fusion-title-center fusion-title-text fusion-title-size-three\" style=\"margin-top:10px;margin-bottom:15px;\"><h3 class=\"title-heading-center\" style=\"margin:0;\"><p style=\"text-align: center;\">Directions<\/p><\/h3><\/div><div class=\"fusion-text fusion-text-2\"><p style=\"text-align: center;\">Sakintepe is conveniently located 190 km from Ankara (2 hours) and 260 km from Istanbul (3 hours), both<br \/>\ncities with international airports. Sakintepe is 10 km from the city center of Bolu and has two roads that will lead you here, one to be used in the winter and one for the summer.<\/p>\n<p style=\"text-align: center;\"><strong>If you coming from Ankara:<\/strong><\/p>\n<p style=\"text-align: center;\">In the summer, take the Bolu do\u011fu exit off of the TEM highway (warning Google maps gets this exit wrong) and get on the old highway toward Bolu until you come to the Yedig\u00f6ller sign for the 7 Lakes National Park. On your right will be the Bridgestone Tires and the K\u00f6ro\u011flu D\u00fc\u011f\u00fcn Salonu. Turn right between those two buildings and follow the Yedig\u00f6ller signs. After you see the \u00c7ukur\u00f6ren village sign, in about 500 meters you will see our Sakintepe sign on your right.<\/p>\n<p style=\"text-align: center;\">In the winter snowy months, come the same way after you turn off the old highway to the Yedig\u00f6ller road. There will be a Y in the road at a Yurt Gas sign where the Yedig\u00f6ller road will veer left and you will veer right and go past the Arcelik factory and under the TEM highway. Continue on that road through Hamzabey Village. There is a kids playground on your right, you will continue straight ahead to the left of a log building. You will continue through F\u0131nd\u0131cak Village and around the corner up the hill until you see the Sakintepe sign.<\/p>\n<p style=\"text-align: center;\"><strong>If you are coming from Istanbul:<\/strong><\/p>\n<p style=\"text-align: center;\">In the summer, take the Bolu bat\u0131 exit off of the TEM highway (warning Google maps gets this exit wrong) and get on the old highway toward Bolu until you see the Bridgestone Tires and K\u00f6ro\u011flu D\u00fc\u011f\u00fcn Salonu on your left. Go around the circle and turn right between those two buildings on the Yedig\u00f6ller road. Follow the signs for Yedig\u00f6ller , when you see \u00c7ukur\u00f6ren village sign, in about 500 meters you will see our Sakintepe sign on your right.<\/p>\n<p style=\"text-align: center;\">In the winter snowy months, come the same way off the old highway to the Yedig\u00f6ller road. There will be a Y in the road at a Yurt Gas sign where the Yedig\u00f6ller road will veer left and you will veer right and go past the Arcelik factory and under the TEM highway. Continue on that road towards Hamzabey Village. Go thru the village and at the center, there is a kids playground on your right, you will continue straight ahead to the left of a log building. You will continue through Findicak Village and round the corner up the hill until you see the Sakintepe sign.<\/p>\n<p style=\"text-align: center;\"><b> <a href=\"https:\/\/goo.gl\/maps\/WSyFAtXjoVxAvZq5A\"><u>Sakintepe <\/u>on<u> Google Maps<\/u><\/a><\/b><br \/>\n<b>GPS coordinates are: N40.79685 \u2013 E31.65543<\/b><\/p>\n<\/div><style type=\"text\/css\">@media only screen and (max-width:1024px) {.fusion-title.fusion-title-3{margin-top:10px!important;margin-bottom:15px!important;}}@media only screen and (max-width:640px) {.fusion-title.fusion-title-3{margin-top:10px!important;margin-bottom:10px!important;}}<\/style><div class=\"fusion-title title fusion-title-3 fusion-sep-none fusion-title-center fusion-title-text fusion-title-size-three\" style=\"margin-top:10px;margin-bottom:15px;\"><h3 class=\"title-heading-center\" style=\"margin:0;\"><p><a href=\"https:\/\/www.sakintepe.com\/wp-content\/uploads\/2024\/06\/SAKINTEPE-SURDURULEBILIRLIK-RAPORU.pdf\">2023 Y\u0131l\u0131 S\u00fcrd\u00fcrebirlik Raporu<\/a><\/p>\n<p><a href=\"https:\/\/www.sakintepe.com\/wp-content\/uploads\/2025\/12\/SURDURULEBILIRLIK-RAPORU-2024.pdf\">2024 Y\u0131l\u0131 S\u00fcrd\u00fcrebirlik Raporu<\/a><\/p><\/h3><\/div><\/div><\/div><style type=\"text\/css\">.fusion-body .fusion-builder-column-0{width:100% !important;margin-top : 0px;margin-bottom : 20px;}.fusion-builder-column-0 > .fusion-column-wrapper {padding-top : 0px !important;padding-right : 0px !important;margin-right : 1.92%;padding-bottom : 0px !important;padding-left : 0px !important;margin-left : 1.92%;}@media only screen and (max-width:1024px) {.fusion-body .fusion-builder-column-0{width:100% !important;order : 0;}.fusion-builder-column-0 > .fusion-column-wrapper {margin-right : 1.92%;margin-left : 1.92%;}}@media only screen and (max-width:640px) {.fusion-body .fusion-builder-column-0{width:100% !important;order : 0;}.fusion-builder-column-0 > .fusion-column-wrapper {margin-right : 1.92%;margin-left : 1.92%;}}<\/style><\/div><style type=\"text\/css\">.fusion-body .fusion-flex-container.fusion-builder-row-1{ padding-top : 0px;margin-top : 0px;padding-right : 0px;padding-bottom : 0px;margin-bottom : 0px;padding-left : 0px;}<\/style><\/div>\n","protected":false},"excerpt":{"rendered":"","protected":false},"author":1,"featured_media":0,"parent":0,"menu_order":0,"comment_status":"closed","ping_status":"closed","template":"","meta":{"footnotes":""},"class_list":["post-111","page","type-page","status-publish","hentry"],"_links":{"self":[{"href":"https:\/\/www.sakintepe.com\/index.php\/wp-json\/wp\/v2\/pages\/111","targetHints":{"allow":["GET"]}}],"collection":[{"href":"https:\/\/www.sakintepe.com\/index.php\/wp-json\/wp\/v2\/pages"}],"about":[{"href":"https:\/\/www.sakintepe.com\/index.php\/wp-json\/wp\/v2\/types\/page"}],"author":[{"embeddable":true,"href":"https:\/\/www.sakintepe.com\/index.php\/wp-json\/wp\/v2\/users\/1"}],"replies":[{"embeddable":true,"href":"https:\/\/www.sakintepe.com\/index.php\/wp-json\/wp\/v2\/comments?post=111"}],"version-history":[{"count":2,"href":"https:\/\/www.sakintepe.com\/index.php\/wp-json\/wp\/v2\/pages\/111\/revisions"}],"predecessor-version":[{"id":956,"href":"https:\/\/www.sakintepe.com\/index.php\/wp-json\/wp\/v2\/pages\/111\/revisions\/956"}],"wp:attachment":[{"href":"https:\/\/www.sakintepe.com\/index.php\/wp-json\/wp\/v2\/media?parent=111"}],"curies":[{"name":"wp","href":"https:\/\/api.w.org\/{rel}","templated":true}]}}